{"id":8078,"date":"2026-01-22T14:10:58","date_gmt":"2026-01-22T13:10:58","guid":{"rendered":"http:\/\/hoteldes2continents.com\/new\/situation-tourisme\/"},"modified":"2026-05-06T09:33:22","modified_gmt":"2026-05-06T07:33:22","slug":"ubicacion-actividades-turisticas","status":"publish","type":"page","link":"https:\/\/www.hoteldes2continents.com\/es\/ubicacion-actividades-turisticas\/","title":{"rendered":"Situation tourisme"},"content":{"rendered":"\n\t<section class=\"section\" id=\"section_1716169966\">\n\t\t<div class=\"bg section-bg fill bg-fill  bg-loaded\" >\n\n\t\t\t\n\t\t\t\n\t\t\t\n\n\t\t<\/div>\n\n\t\t<div class=\"section-content relative\">\n\t\t\t\n\n<div class=\"row row-collapse row-full-width\"  id=\"row-318765155\">\n\n\n\t<div id=\"col-476172352\" class=\"col small-12 large-12\"  >\n\t\t<div class=\"col-inner\"  >\n\t\t\t\n\t\t\t\n\n<p><iframe loading=\"lazy\" src=\"https:\/\/www.google.com\/maps\/embed?pb=!1m18!1m12!1m3!1d2625.1534562439756!2d2.3322682160646555!3d48.85528407928721!2m3!1f0!2f0!3f0!3m2!1i1024!2i768!4f13.1!3m3!1m2!1s0x47e671d81517e427%3A0x9fd1a9a899595c0c!2s25+Rue+Jacob%2C+75006+Paris!5e0!3m2!1sfr!2sfr!4v1488185417531\" width=\"100%\" height=\"350\" frameborder=\"0\" style=\"border:0\" allowfullscreen=\"\"><\/iframe><\/p>\n<div class=\"container section-title-container\" ><h1 class=\"section-title section-title-center\"><b><\/b><span class=\"section-title-main\" >Saint-Germain-des-Pr\u00e9s, boulevard Saint-germain<\/span><b><\/b><\/h1><\/div>\n\n\n\t\t<\/div>\n\t\t\n<style>\n#col-476172352 > .col-inner {\n  padding: 0px 0 0px 0px;\n  margin: 0px 0 0px 0px;\n}\n<\/style>\n\t<\/div>\n\n\t\n\n\n<style>\n#row-318765155 > .col > .col-inner {\n  padding: 0px 0px 0 0px;\n}\n<\/style>\n<\/div>\n\n\t\t<\/div>\n\n\t\t\n<style>\n#section_1716169966 {\n  padding-top: 0px;\n  padding-bottom: 0px;\n  margin-bottom: 0px;\n}\n<\/style>\n\t<\/section>\n\t\n\t<section class=\"section\" id=\"section_741427697\">\n\t\t<div class=\"bg section-bg fill bg-fill  bg-loaded\" >\n\n\t\t\t\n\t\t\t\n\t\t\t\n\n\t\t<\/div>\n\n\t\t<div class=\"section-content relative\">\n\t\t\t\n\n<div class=\"row\"  id=\"row-955776534\">\n\n\n\t<div id=\"col-119607870\" class=\"col small-12 large-12\"  >\n\t\t<div class=\"col-inner\" style=\"background-color:rgba(255, 255, 255, 0.8);\" >\n\t\t\t\n\t\t\t\n\n<h3 style=\"text-align: center;\">C\u00d3MO LLEGAR<\/h3>\n<p class=\"line\"><strong>Paradas de metro\u00a0:<\/strong>\u00a0Saint-Germain-des-Pr\u00e9s (l\u00ednea 4) y Mabillon (l\u00ednea 10)<br \/><strong>Bus\u00a0:<\/strong>\u00a063, 86, 84, 95, 96, 39<br \/><strong>Estaci\u00f3n V\u00e9lib\u00a0(bicicletas p\u00fablicas)\u00a0:<\/strong>\u00a0rue Saint-Benoit, 75006.<\/p>\n<p><strong>Desde el aeropuerto CDG\u00a0:<\/strong><\/p>\n<ul>\n<li>RER B directo hasta la parada Saint-Michel Notre-Dame, unos 45 minutos. 9,75 \u20ac<\/li>\n<li>Taxi: unos 60 minutos. 65 \u20ac<\/li>\n<\/ul>\n<p class=\"line\"><strong>Desde el aeropuerto de Orly:<\/strong><\/p>\n<ul>\n<li><span style=\"color: #282828;\">Metro: l\u00ednea 14 hasta Ch\u00e2telet, despu\u00e9s l\u00ednea 4 hasta Od\u00e9on, unos 45 minutos. 10,30 \u20ac<\/span><\/li>\n<li>Taxi: unos 40 minutos y un coste de 36 \u20ac.<\/li>\n<\/ul>\n<p class=\"line\"><strong>Desde el aeropuerto Beauvais:<\/strong><\/p>\n<ul>\n<li>Servicio de transporte hasta Porte Maillot. 1h15, 16 \u20ac. A continuaci\u00f3n, tomar la l\u00ednea 1 del metro, correspondencia en Ch\u00e2telet para tomar la l\u00ednea 4 hasta Saint-Germain-des-Pr\u00e9s.<\/li>\n<\/ul>\n<p class=\"line\"><strong>Estaci\u00f3n \u00abGare\u00a0de Lyon\u00bb:<\/strong><\/p>\n<ul>\n<li>Metro: tomar la l\u00ednea 1, correspondencia en Ch\u00e2telet para tomar la l\u00ednea 4 hasta Saint-Germain-des-Pr\u00e9s.<\/li>\n<li>Autob\u00fas: 63<\/li>\n<\/ul>\n<p class=\"line\"><strong>Estaci\u00f3n \u00abGare d\u2019Austerlitz\u00bb:<\/strong><\/p>\n<ul>\n<li>Metro: l\u00ednea 10 hasta Mabillon<\/li>\n<li>Autob\u00fas: 63<\/li>\n<\/ul>\n<p class=\"line\"><strong>Estaciones \u00abGare du Nord\u00bb y \u00abGare de l\u2019Est\u00bb:<\/strong><\/p>\n<ul>\n<li>Metro: l\u00ednea 4 hasta Saint-Germain-des-Pr\u00e9s<\/li>\n<li>Autob\u00fas: 39<\/li>\n<\/ul>\n\n\t\t<\/div>\n\t\t\n<style>\n#col-119607870 > .col-inner {\n  padding: 0px 50px 0px 50px;\n  margin: 0px 0px 0 0px;\n}\n<\/style>\n\t<\/div>\n\n\t\n\n\n<style>\n#row-955776534 > .col > .col-inner {\n  padding: 0px 50px 0px 50px;\n}\n<\/style>\n<\/div>\n<div class=\"row\"  id=\"row-1419871663\">\n\n\n\t<div id=\"col-1759433884\" class=\"col small-12 large-12\"  >\n\t\t<div class=\"col-inner\"  >\n\t\t\t\n\t\t\t\n\n\t<div class=\"img has-hover x md-x lg-x y md-y lg-y\" id=\"image_471838144\">\n\t\t\t\t\t\t\t\t<div class=\"img-inner dark\" >\n\t\t\t\t\t\t\t\t\t\n\t\t\t\t\t<\/div>\n\t\t\t\t\t\t\t\t\n<style>\n#image_471838144 {\n  width: 100%;\n}\n<\/style>\n\t<\/div>\n\t\n\n<h3 style=\"text-align:center;\">TURISMO &amp; CENTROS DE INTER\u00c9S<\/h3>\n\n\t\t<\/div>\n\t\t\t<\/div>\n\n\t\n\n\t<div id=\"col-543887265\" class=\"col medium-8 small-12 large-8\"  >\n\t\t<div class=\"col-inner\"  >\n\t\t\t\n\t\t\t\n\n<div class=\"accordion\" rel=\"1\">\n\n<div class=\"accordion-item\"><a href=\"#\" class=\"accordion-title plain\"><button class=\"toggle\"><i class=\"icon-angle-down\"><\/i><\/button><span>Cultura y Monumentos:<\/span><\/a><div class=\"accordion-inner\">\n\n<ul>\n<li>Museo Delacroix&nbsp;: 5 minutos a pie. Cerrado los martes.<\/li>\n<li>Museo du Louvre&nbsp;: 10 minutos a pie. Cerrado los martes.<\/li>\n<li>Puente de las Artes : 10 minutos a pie.<\/li>\n<li>Museo de la Edad Media&nbsp;: 15 minutos a pie. Cerrado los martes.<\/li>\n<li>Catedral de Notre-Dame : 15 minutos a pie. Abierta todos los d\u00edas.<\/li>\n<li>Museo de Orsay : 20 minutos a pie. Cerrado los lunes<\/li>\n<li>El Pante\u00f3n&nbsp;: 20 minutos a pie. Abierto todos los d\u00edas<\/li>\n<li>Op\u00e9ra Garnier&nbsp;: 20 minutos a pie. Abierta todos los d\u00edas.<\/li>\n<li>Montmartre&nbsp;: 20 minutos en metro. Accesible todos los d\u00edas.<\/li>\n<li>Ayuntamiento de Par\u00eds&nbsp;: 25 minutos a pie.<\/li>\n<li>Tour Eiffel&nbsp;: 35 minutos a pie.<\/li>\n<li>Campos El\u00edseos&nbsp;: 45 minutos a pie o 20 minutos en metro.<\/li>\n<li>Palacio de Versailles&nbsp;: RER C desde la estaci\u00f3n Saint-Michel, parada en Versailles Rive Gauche (40 minutos).<\/li>\n<li>Giverny&nbsp;: tren desde la estaci\u00f3n \u00abGare Saint-Lazare\u00bb hasta Vernon y despu\u00e9s servicio de transporte a Giverny (alrededor de 1h30)<\/li>\n<li>Las playas del desembarco&nbsp;: tren desde la estaci\u00f3n \u00abGare Saint-Lazare\u00bb hasta Caen (2 horas), a continuaci\u00f3n autob\u00fas hasta las playas de Omaha Beach y de Arromanches. Posibilidad de alquilar un coche (oficina de Hertz en el boulevard Saint-Michel).<\/li>\n<\/ul>\n\n<\/div><\/div>\n<div class=\"accordion-item\"><a href=\"#\" class=\"accordion-title plain\"><button class=\"toggle\"><i class=\"icon-angle-down\"><\/i><\/button><span>Jardines parisinos<\/span><\/a><div class=\"accordion-inner\">\n\n<ul>\n<li>Jardin du Luxembourg&nbsp;: 10 minutos a pie.<\/li>\n<li>Jardin des Plantes&nbsp;: 25 minutos a pie o 10 minutos en metro (l\u00ednea 10).<\/li>\n<li>Jardin des Tuileries&nbsp;: 15 minutos a pie.<\/li>\n<\/ul>\n\n<\/div><\/div>\n<div class=\"accordion-item\"><a href=\"#\" class=\"accordion-title plain\"><button class=\"toggle\"><i class=\"icon-angle-down\"><\/i><\/button><span>Shopping<\/span><\/a><div class=\"accordion-inner\">\n\n<ul>\n<li>La Samaritaine Paris Pont-Neuf: 9 rue de la Monnaie, 10 minutos caminando.<\/li>\n<li>Galeries Lafayette &amp; Printemps Haussmann : Tomar la l\u00ednea 4 del metro, correspondencia en Ch\u00e2telet para tomar la l\u00ednea 7 hasta Chauss\u00e9e d\u2019Antin Lafayette. Cerrados los domingos.e<\/li>\n<li>Le Bon March\u00e9&nbsp;: 15 minutos a pie o tomar la l\u00ednea 10 hasta S\u00e8vres Babylone (1 estaci\u00f3n). Cerrado los domingos.<\/li>\n<li>Louis Vuitton&nbsp;: 3 minutos a pie, Place Saint-Germain-des-Pr\u00e9s. Cerrada los domingos.<\/li>\n<li>S\u00e9phora&nbsp;: 5 minutos a pie, 79 boulevard Saint-Germain. Cerrada los domingos.<\/li>\n<\/ul>\n\n<\/div><\/div>\n\n<\/div>\n\n\t\t<\/div>\n\t\t\t<\/div>\n\n\t\n\n\t<div id=\"col-825673522\" class=\"col medium-4 small-12 large-4\"  >\n\t\t<div class=\"col-inner\"  >\n\t\t\t\n\t\t\t\n\n\t<div class=\"img has-hover x md-x lg-x y md-y lg-y\" id=\"image_164711240\">\n\t\t\t\t\t\t\t\t<div class=\"img-inner dark\" >\n\t\t\t<img width=\"808\" height=\"1000\" src=\"https:\/\/www.hoteldes2continents.com\/wp-content\/uploads\/2020\/01\/eglise-saint-germain.jpg\" class=\"attachment-large size-large\" alt=\"Eglise st germain\" decoding=\"async\" srcset=\"https:\/\/www.hoteldes2continents.com\/wp-content\/uploads\/2020\/01\/eglise-saint-germain.jpg 808w, https:\/\/www.hoteldes2continents.com\/wp-content\/uploads\/2020\/01\/eglise-saint-germain-242x300.jpg 242w, https:\/\/www.hoteldes2continents.com\/wp-content\/uploads\/2020\/01\/eglise-saint-germain-768x950.jpg 768w\" sizes=\"(max-width: 808px) 100vw, 808px\" \/>\t\t\t\t\t\t\n\t\t\t\t\t<\/div>\n\t\t\t\t\t\t\t\t\n<style>\n#image_164711240 {\n  width: 100%;\n}\n<\/style>\n\t<\/div>\n\t\n\n\n\t\t<\/div>\n\t\t\t<\/div>\n\n\t\n\n<\/div>\n\n\t\t<\/div>\n\n\t\t\n<style>\n#section_741427697 {\n  padding-top: 0px;\n  padding-bottom: 0px;\n}\n<\/style>\n\t<\/section>\n\t\n\n","protected":false},"excerpt":{"rendered":"","protected":false},"author":1,"featured_media":0,"parent":0,"menu_order":0,"comment_status":"closed","ping_status":"closed","template":"page-blank.php","meta":{"_editorskit_title_hidden":false,"_editorskit_reading_time":2,"_editorskit_is_block_options_detached":false,"_editorskit_block_options_position":"{}"},"_links":{"self":[{"href":"https:\/\/www.hoteldes2continents.com\/es\/wp-json\/wp\/v2\/pages\/8078"}],"collection":[{"href":"https:\/\/www.hoteldes2continents.com\/es\/wp-json\/wp\/v2\/pages"}],"about":[{"href":"https:\/\/www.hoteldes2continents.com\/es\/wp-json\/wp\/v2\/types\/page"}],"author":[{"embeddable":true,"href":"https:\/\/www.hoteldes2continents.com\/es\/wp-json\/wp\/v2\/users\/1"}],"replies":[{"embeddable":true,"href":"https:\/\/www.hoteldes2continents.com\/es\/wp-json\/wp\/v2\/comments?post=8078"}],"version-history":[{"count":13,"href":"https:\/\/www.hoteldes2continents.com\/es\/wp-json\/wp\/v2\/pages\/8078\/revisions"}],"predecessor-version":[{"id":17540,"href":"https:\/\/www.hoteldes2continents.com\/es\/wp-json\/wp\/v2\/pages\/8078\/revisions\/17540"}],"wp:attachment":[{"href":"https:\/\/www.hoteldes2continents.com\/es\/wp-json\/wp\/v2\/media?parent=8078"}],"curies":[{"name":"wp","href":"https:\/\/api.w.org\/{rel}","templated":true}]}}