{"id":8062,"date":"2026-01-22T14:16:40","date_gmt":"2026-01-22T13:16:40","guid":{"rendered":"http:\/\/hoteldes2continents.com\/new\/situation\/"},"modified":"2026-05-06T09:34:21","modified_gmt":"2026-05-06T07:34:21","slug":"ubicacion","status":"publish","type":"page","link":"https:\/\/www.hoteldes2continents.com\/es\/ubicacion\/","title":{"rendered":"Situation"},"content":{"rendered":"\n\t<section class=\"section\" id=\"section_654589051\">\n\t\t<div class=\"bg section-bg fill bg-fill  bg-loaded\" >\n\n\t\t\t\n\t\t\t\n\t\t\t\n\n\t\t<\/div>\n\n\t\t<div class=\"section-content relative\">\n\t\t\t\n\n<div class=\"row row-collapse row-full-width\"  id=\"row-2118552135\">\n\n\n\t<div id=\"col-1473628597\" class=\"col small-12 large-12\"  >\n\t\t<div class=\"col-inner\"  >\n\t\t\t\n\t\t\t\n\n<p><iframe loading=\"lazy\" src=\"https:\/\/www.google.com\/maps\/embed?pb=!1m18!1m12!1m3!1d2625.1534562439756!2d2.3322682160646555!3d48.85528407928721!2m3!1f0!2f0!3f0!3m2!1i1024!2i768!4f13.1!3m3!1m2!1s0x47e671d81517e427%3A0x9fd1a9a899595c0c!2s25+Rue+Jacob%2C+75006+Paris!5e0!3m2!1sfr!2sfr!4v1488185417531\" width=\"100%\" height=\"350\" frameborder=\"0\" style=\"border:0\" allowfullscreen=\"\"><\/iframe><\/p>\n<div class=\"container section-title-container\" ><h1 class=\"section-title section-title-center\"><b><\/b><span class=\"section-title-main\" >barrio saint-germain-des-pres<\/span><b><\/b><\/h1><\/div>\n\n\n\t\t<\/div>\n\t\t\n<style>\n#col-1473628597 > .col-inner {\n  padding: 0px 0 0px 0px;\n  margin: 0px 0 0px 0px;\n}\n<\/style>\n\t<\/div>\n\n\t\n\n\n<style>\n#row-2118552135 > .col > .col-inner {\n  padding: 0px 0px 0 0px;\n}\n<\/style>\n<\/div>\n\n\t\t<\/div>\n\n\t\t\n<style>\n#section_654589051 {\n  padding-top: 0px;\n  padding-bottom: 0px;\n  margin-bottom: 0px;\n}\n<\/style>\n\t<\/section>\n\t\n\t<section class=\"section\" id=\"section_1632370038\">\n\t\t<div class=\"bg section-bg fill bg-fill  bg-loaded\" >\n\n\t\t\t\n\t\t\t\n\t\t\t\n\n\t\t<\/div>\n\n\t\t<div class=\"section-content relative\">\n\t\t\t\n\n<div class=\"row\"  id=\"row-35180408\">\n\n\n\t<div id=\"col-1615469254\" class=\"col small-12 large-12\"  >\n\t\t<div class=\"col-inner\" style=\"background-color:rgba(255, 255, 255, 0.8);\" >\n\t\t\t\n\t\t\t\n\n<p class=\"line\"><strong>Paradas de metro\u00a0:<\/strong>\u00a0Saint-Germain-des-Pr\u00e9s (l\u00ednea 4) y Mabillon (l\u00ednea 10)<br \/><strong>Bus\u00a0:<\/strong>\u00a063, 86, 84, 87, 95, 96, 39<\/p>\n<p><strong>Desde el aeropuerto CDG\u00a0:<\/strong><\/p>\n<ul>\n<li>RER B directo hasta la parada Saint-Michel Notre-Dame, unos 45 minutos. 10,30 \u20ac<\/li>\n<li>Taxi: unos 60 minutos. 65 \u20ac<\/li>\n<\/ul>\n<p class=\"line\"><strong>Desde el aeropuerto de Orly:<\/strong><\/p>\n<ul>\n<li><span style=\"color: #282828;\">Metro: l\u00ednea 14 hasta Ch\u00e2telet, despu\u00e9s l\u00ednea 4 hasta Od\u00e9on, unos 45 minutos. 10\u20ac30.<\/span><\/li>\n<li>Taxi: unos 40 minutos y un coste de 36 \u20ac.<\/li>\n<\/ul>\n<p class=\"line\"><strong>Desde el aeropuerto Beauvais:<\/strong><\/p>\n<ul>\n<li>Servicio de transporte hasta Porte Maillot. 1h15, 16 \u20ac. A continuaci\u00f3n, tomar la l\u00ednea 1 del metro, correspondencia en Ch\u00e2telet para tomar la l\u00ednea 4 hasta Saint-Germain-des-Pr\u00e9s.<\/li>\n<\/ul>\n<p class=\"line\"><strong>Estaci\u00f3n \u00abGare\u00a0de Lyon\u00bb:<\/strong><\/p>\n<ul>\n<li>Metro: tomar la l\u00ednea 1, correspondencia en Ch\u00e2telet para tomar la l\u00ednea 4 hasta Saint-Germain-des-Pr\u00e9s.<\/li>\n<li>Autob\u00fas: 63<\/li>\n<\/ul>\n<p class=\"line\"><strong>Estaci\u00f3n \u00abGare d\u2019Austerlitz\u00bb:<\/strong><\/p>\n<ul>\n<li>Metro: l\u00ednea 10 hasta Mabillon<\/li>\n<li>Autob\u00fas: 63<\/li>\n<\/ul>\n<p class=\"line\"><strong>Estaciones \u00abGare du Nord\u00bb y \u00abGare de l\u2019Est\u00bb:<\/strong><\/p>\n<ul>\n<li>Metro: l\u00ednea 4 hasta Saint-Germain-des-Pr\u00e9s<\/li>\n<li>Autob\u00fas: 39<\/li>\n<\/ul>\n\n\t\t<\/div>\n\t\t\n<style>\n#col-1615469254 > .col-inner {\n  padding: 0px 50px 0px 50px;\n  margin: 0px 0px 0 0px;\n}\n<\/style>\n\t<\/div>\n\n\t\n\n\n<style>\n#row-35180408 > .col > .col-inner {\n  padding: 0px 50px 0px 50px;\n}\n<\/style>\n<\/div>\n\n\t\t<\/div>\n\n\t\t\n<style>\n#section_1632370038 {\n  padding-top: 0px;\n  padding-bottom: 0px;\n}\n<\/style>\n\t<\/section>\n\t\n\n","protected":false},"excerpt":{"rendered":"","protected":false},"author":1,"featured_media":0,"parent":0,"menu_order":0,"comment_status":"closed","ping_status":"closed","template":"page-blank.php","meta":{"_editorskit_title_hidden":false,"_editorskit_reading_time":1,"_editorskit_is_block_options_detached":false,"_editorskit_block_options_position":"{}"},"_links":{"self":[{"href":"https:\/\/www.hoteldes2continents.com\/es\/wp-json\/wp\/v2\/pages\/8062"}],"collection":[{"href":"https:\/\/www.hoteldes2continents.com\/es\/wp-json\/wp\/v2\/pages"}],"about":[{"href":"https:\/\/www.hoteldes2continents.com\/es\/wp-json\/wp\/v2\/types\/page"}],"author":[{"embeddable":true,"href":"https:\/\/www.hoteldes2continents.com\/es\/wp-json\/wp\/v2\/users\/1"}],"replies":[{"embeddable":true,"href":"https:\/\/www.hoteldes2continents.com\/es\/wp-json\/wp\/v2\/comments?post=8062"}],"version-history":[{"count":9,"href":"https:\/\/www.hoteldes2continents.com\/es\/wp-json\/wp\/v2\/pages\/8062\/revisions"}],"predecessor-version":[{"id":17542,"href":"https:\/\/www.hoteldes2continents.com\/es\/wp-json\/wp\/v2\/pages\/8062\/revisions\/17542"}],"wp:attachment":[{"href":"https:\/\/www.hoteldes2continents.com\/es\/wp-json\/wp\/v2\/media?parent=8062"}],"curies":[{"name":"wp","href":"https:\/\/api.w.org\/{rel}","templated":true}]}}