{"id":8054,"date":"2026-03-20T07:13:03","date_gmt":"2026-03-20T06:13:03","guid":{"rendered":"http:\/\/hoteldes2continents.com\/new\/hotel-des-deux-continents-paris\/"},"modified":"2026-04-15T15:44:58","modified_gmt":"2026-04-15T13:44:58","slug":"hotel-des-deux-continents-paris","status":"publish","type":"page","link":"https:\/\/www.hoteldes2continents.com\/es\/hotel-des-deux-continents-paris\/","title":{"rendered":"Hotel"},"content":{"rendered":"\n\t<section class=\"section\" id=\"section_1989245069\">\n\t\t<div class=\"bg section-bg fill bg-fill  bg-loaded\" >\n\n\t\t\t\n\t\t\t<button class=\"scroll-for-more z-5 icon absolute bottom h-center\"><i class=\"icon-angle-down\" style=\"font-size:42px;\"><\/i><\/button>\n\t\t\t\n\t<div class=\"is-border\"\n\t\tstyle=\"border-width:0 0px 0px 0px;margin:0 0px 0px 0px;\">\n\t<\/div>\n\n\t\t<\/div>\n\n\t\t<div class=\"section-content relative\">\n\t\t\t\n\n<div class=\"big-cal\"><div id=\"availpro-root\"><\/div> <script> (function (d, s, id) { var js, fjs = d.getElementsByTagName(s)[0], p = \/^http:\/.test(d.location) ? \"http\" : \"https\"; if (!d.getElementById(id)) { js = d.createElement(s); js.id = id; js.src = \"https:\/\/widgets.secure-hotel-booking.com\/hotel-des-2-continents\/2TYR\/es\/BigCalendar\/\"; fjs.parentNode.insertBefore(js, fjs); } })(document, \"script\", \"availpro-calendar\"); <\/script><\/div>\n\n<div class=\"slider-wrapper relative\" id=\"slider-1284274267\" >\n    <div class=\"slider slider-nav-circle slider-nav-large slider-nav-light slider-style-container\"\n        data-flickity-options='{\n            \"cellAlign\": \"center\",\n            \"imagesLoaded\": true,\n            \"lazyLoad\": 1,\n            \"freeScroll\": false,\n            \"wrapAround\": true,\n            \"autoPlay\": 6000,\n            \"pauseAutoPlayOnHover\" : true,\n            \"prevNextButtons\": true,\n            \"contain\" : true,\n            \"adaptiveHeight\" : true,\n            \"dragThreshold\" : 10,\n            \"percentPosition\": true,\n            \"pageDots\": false,\n            \"rightToLeft\": false,\n            \"draggable\": true,\n            \"selectedAttraction\": 0.1,\n            \"parallax\" : 0,\n            \"friction\": 0.6        }'\n        >\n        \n\n\n  <div class=\"banner has-hover\" id=\"banner-1349088649\">\n          <div class=\"banner-inner fill\">\n        <div class=\"banner-bg fill\" >\n            <div class=\"bg fill bg-fill \"><\/div>\n                                    \n\t<div class=\"is-border\"\n\t\tstyle=\"border-width:0 0px 0px 0px;margin:0 0px 0px 0px;\">\n\t<\/div>\n                    <\/div>\n        <div class=\"banner-layers container\">\n            <div class=\"fill banner-link\"><\/div>            \n\n   <div id=\"text-box-825947513\" class=\"text-box banner-layer x50 md-x50 lg-x50 y50 md-y50 lg-y50 res-text\">\n                                <div class=\"text dark\">\n              \n              <div class=\"text-inner text-center\">\n                  \n\n\n              <\/div>\n           <\/div>\n                            \n<style>\n#text-box-825947513 {\n  width: 60%;\n}\n#text-box-825947513 .text {\n  font-size: 100%;\n}\n<\/style>\n    <\/div>\n \n\n        <\/div>\n      <\/div>\n\n            \n<style>\n#banner-1349088649 {\n  padding-top: 99.99%;\n}\n#banner-1349088649 .bg.bg-loaded {\n  background-image: url(https:\/\/www.hoteldes2continents.com\/wp-content\/uploads\/2020\/05\/hotel-3-etoiles-paris-6-lobby-reception-1.jpg);\n}\n#banner-1349088649 .bg {\n  background-position: 30% 57%;\n}\n@media (min-width:550px) {\n  #banner-1349088649 {\n    padding-top: 56.25%;\n  }\n}\n<\/style>\n  <\/div>\n\n\n\n  <div class=\"banner has-hover\" id=\"banner-343653076\">\n          <div class=\"banner-inner fill\">\n        <div class=\"banner-bg fill\" >\n            <div class=\"bg fill bg-fill \"><\/div>\n                                    \n\t<div class=\"is-border\"\n\t\tstyle=\"border-width:0 0px 0px 0px;margin:0 0px 0px 0px;\">\n\t<\/div>\n                    <\/div>\n        <div class=\"banner-layers container\">\n            <div class=\"fill banner-link\"><\/div>            \n\n   <div id=\"text-box-118755708\" class=\"text-box banner-layer x50 md-x50 lg-x50 y50 md-y50 lg-y50 res-text\">\n                                <div class=\"text dark\">\n              \n              <div class=\"text-inner text-center\">\n                  \n\n\n              <\/div>\n           <\/div>\n                            \n<style>\n#text-box-118755708 {\n  width: 60%;\n}\n#text-box-118755708 .text {\n  font-size: 100%;\n}\n<\/style>\n    <\/div>\n \n\n        <\/div>\n      <\/div>\n\n            \n<style>\n#banner-343653076 {\n  padding-top: 56.25%;\n}\n#banner-343653076 .bg.bg-loaded {\n  background-image: url(https:\/\/www.hoteldes2continents.com\/wp-content\/uploads\/2020\/05\/hotel-3-etoiles-paris-6-petit-dejeuner-cliente-2.jpg);\n}\n#banner-343653076 .bg {\n  background-position: 30% 57%;\n}\n<\/style>\n  <\/div>\n\n\n\n  <div class=\"banner has-hover\" id=\"banner-854664478\">\n          <div class=\"banner-inner fill\">\n        <div class=\"banner-bg fill\" >\n            <div class=\"bg fill bg-fill \"><\/div>\n                                    \n\t<div class=\"is-border\"\n\t\tstyle=\"border-width:0 0px 0px 0px;margin:0 0px 0px 0px;\">\n\t<\/div>\n                    <\/div>\n        <div class=\"banner-layers container\">\n            <div class=\"fill banner-link\"><\/div>            \n\n   <div id=\"text-box-1495388941\" class=\"text-box banner-layer hide-for-medium x0 md-x0 lg-x0 y65 md-y65 lg-y65 res-text\">\n                                <div class=\"text dark text-shadow-3\">\n              \n              <div class=\"text-inner text-left\">\n                  \n\n<div class=\"container section-title-container\" ><h1 class=\"section-title section-title-normal\"><b><\/b><span class=\"section-title-main\" >Hotel en el centro de paris<\/span><b><\/b><\/h1><\/div>\n\n\n              <\/div>\n           <\/div>\n                            \n<style>\n#text-box-1495388941 {\n  width: 96%;\n}\n#text-box-1495388941 .text {\n  font-size: 100%;\n}\n<\/style>\n    <\/div>\n \n\n        <\/div>\n      <\/div>\n\n            \n<style>\n#banner-854664478 {\n  padding-top: 99.99%;\n}\n#banner-854664478 .bg.bg-loaded {\n  background-image: url(https:\/\/www.hoteldes2continents.com\/wp-content\/uploads\/2020\/05\/hotel-3-etoiles-paris-6-salon-cliente-2.jpg);\n}\n#banner-854664478 .bg {\n  background-position: 30% 57%;\n}\n@media (min-width:550px) {\n  #banner-854664478 {\n    padding-top: 56.25%;\n  }\n}\n<\/style>\n  <\/div>\n\n\n\n  <div class=\"banner has-hover\" id=\"banner-97386419\">\n          <div class=\"banner-inner fill\">\n        <div class=\"banner-bg fill\" >\n            <div class=\"bg fill bg-fill \"><\/div>\n                                    \n\t<div class=\"is-border\"\n\t\tstyle=\"border-width:0 0px 0px 0px;margin:0 0px 0px 0px;\">\n\t<\/div>\n                    <\/div>\n        <div class=\"banner-layers container\">\n            <div class=\"fill banner-link\"><\/div>            \n\n   <div id=\"text-box-362662181\" class=\"text-box banner-layer hide-for-medium x0 md-x0 lg-x0 y65 md-y65 lg-y65 res-text\">\n                                <div class=\"text dark text-shadow-3\">\n              \n              <div class=\"text-inner text-left\">\n                  \n\n<div class=\"container section-title-container\" ><h1 class=\"section-title section-title-normal\"><b><\/b><span class=\"section-title-main\" >Hotel en el centro de paris<\/span><b><\/b><\/h1><\/div>\n\n\n              <\/div>\n           <\/div>\n                            \n<style>\n#text-box-362662181 {\n  width: 96%;\n}\n#text-box-362662181 .text {\n  font-size: 100%;\n}\n<\/style>\n    <\/div>\n \n\n        <\/div>\n      <\/div>\n\n            \n<style>\n#banner-97386419 {\n  padding-top: 99.99%;\n}\n#banner-97386419 .bg.bg-loaded {\n  background-image: url(https:\/\/www.hoteldes2continents.com\/wp-content\/uploads\/2020\/05\/hotel-3-etoiles-paris-6-salle-petit-dejeuner-buffet.jpg);\n}\n#banner-97386419 .bg {\n  background-position: 100% 45%;\n}\n@media (min-width:550px) {\n  #banner-97386419 {\n    padding-top: 56.25%;\n  }\n}\n<\/style>\n  <\/div>\n\n\n\n     <\/div>\n\n     <div class=\"loading-spin dark large centered\"><\/div>\n\n          <style>\n            #slider-1284274267 .flickity-slider > *{ max-width: 100%!important;\n     <\/style>\n     <\/div>\n\n\n\n\t\t<\/div>\n\n\t\t\n<style>\n#section_1989245069 {\n  padding-top: 0px;\n  padding-bottom: 0px;\n  margin-bottom: 0px;\n}\n<\/style>\n\t<\/section>\n\t\n\t<section class=\"section\" id=\"section_1575852923\">\n\t\t<div class=\"bg section-bg fill bg-fill  \" >\n\n\t\t\t\n\t\t\t<div class=\"section-bg-overlay absolute fill\"><\/div>\n\t\t\t\n\n\t\t<\/div>\n\n\t\t<div class=\"section-content relative\">\n\t\t\t\n\n<div class=\"row row-collapse row-full-width align-middle\"  id=\"row-1861092509\">\n\n\n\t<div id=\"col-2065434370\" class=\"col medium-12 small-12 large-6\"  >\n\t\t<div class=\"col-inner text-center\" style=\"max-width:650px;\" >\n\t\t\t\n\t\t\t\n\n<h3 style=\"text-align: center;\">EL DESAYUNO<\/h3>\n<p style=\"color: #b89f80; text-align: left; font-weight: bold;\">Nuestros precios: 17 \u20ac \u2013 para menores de 12 a\u00f1os: 9 \u20ac &#8211; Take away : 7\u20ac<\/p>\n<p style=\"text-align: justify;\">Porque no hay nada mejor que un desayuno para empezar el d\u00eda, le invitamos a disfrutar de nuestros ricos platos de 7:00 am a 11:00am en nuestra sala enfrente del gran fresco del tratado de Nueva York, o en su habitaci\u00f3n.\u00a0<\/p>\n<p style=\"text-align: justify;\"><u>Nuestro buffet:<\/u><br \/>bebidas calientes (t\u00e9, caf\u00e9 ecol\u00f3gico, chocolate), baguette, panes y reposter\u00eda especial, crepas, huevos revueltos ecol\u00f3gicos, tocino, leche de soja, frutas frescas, quesos, jam\u00f3n, cereales y mucho m\u00e1s\u2026<\/p>\n\n\t\t<\/div>\n\t\t\n<style>\n#col-2065434370 > .col-inner {\n  padding: 20px 50px 20px 50px;\n}\n<\/style>\n\t<\/div>\n\n\t\n\n\t<div id=\"col-1957353178\" class=\"col medium-12 small-12 large-3\"  >\n\t\t<div class=\"col-inner\"  >\n\t\t\t\n\t\t\t\n\n\t<div class=\"img has-hover x md-x lg-x y md-y lg-y\" id=\"image_769282752\">\n\t\t\t\t\t\t\t\t<div class=\"img-inner image-cover dark\" style=\"padding-top:100%;\">\n\t\t\t<img width=\"1500\" height=\"1000\" src=\"https:\/\/www.hoteldes2continents.com\/wp-content\/uploads\/2020\/05\/hotel-3-etoiles-paris-6-salle-petit-dejeuner-sylvie-2.jpg\" class=\"attachment-original size-original\" alt=\"desayuno | mujer del desayuno | hotel en paris\" decoding=\"async\" srcset=\"https:\/\/www.hoteldes2continents.com\/wp-content\/uploads\/2020\/05\/hotel-3-etoiles-paris-6-salle-petit-dejeuner-sylvie-2.jpg 1500w, https:\/\/www.hoteldes2continents.com\/wp-content\/uploads\/2020\/05\/hotel-3-etoiles-paris-6-salle-petit-dejeuner-sylvie-2-300x200.jpg 300w, https:\/\/www.hoteldes2continents.com\/wp-content\/uploads\/2020\/05\/hotel-3-etoiles-paris-6-salle-petit-dejeuner-sylvie-2-1024x683.jpg 1024w, https:\/\/www.hoteldes2continents.com\/wp-content\/uploads\/2020\/05\/hotel-3-etoiles-paris-6-salle-petit-dejeuner-sylvie-2-768x512.jpg 768w\" sizes=\"(max-width: 1500px) 100vw, 1500px\" \/>\t\t\t\t\t\t\n\t\t\t\t\t<\/div>\n\t\t\t\t\t\t\t\t\n<style>\n#image_769282752 {\n  width: 100%;\n}\n<\/style>\n\t<\/div>\n\t\n\n\n\t\t<\/div>\n\t\t\n<style>\n#col-1957353178 > .col-inner {\n  padding: 0px0 0px 0px 0px;\n  margin: 0 0px 0px 0px;\n}\n<\/style>\n\t<\/div>\n\n\t\n\n\t<div id=\"col-1582007892\" class=\"col medium-3 small-12 large-3\"  >\n\t\t<div class=\"col-inner\"  >\n\t\t\t\n\t\t\t\n\n\t<div class=\"img has-hover x md-x lg-x y md-y lg-y\" id=\"image_1697244047\">\n\t\t\t\t\t\t\t\t<div class=\"img-inner image-cover dark\" style=\"padding-top:100%;\">\n\t\t\t<img width=\"1020\" height=\"680\" src=\"https:\/\/www.hoteldes2continents.com\/wp-content\/uploads\/2020\/05\/hotel-3-etoiles-paris-6-petit-dejeuner-jus-2-1024x683.jpg\" class=\"attachment-large size-large\" alt=\"desayuno 2 | hotel en paris\" decoding=\"async\" srcset=\"https:\/\/www.hoteldes2continents.com\/wp-content\/uploads\/2020\/05\/hotel-3-etoiles-paris-6-petit-dejeuner-jus-2-1024x683.jpg 1024w, https:\/\/www.hoteldes2continents.com\/wp-content\/uploads\/2020\/05\/hotel-3-etoiles-paris-6-petit-dejeuner-jus-2-300x200.jpg 300w, https:\/\/www.hoteldes2continents.com\/wp-content\/uploads\/2020\/05\/hotel-3-etoiles-paris-6-petit-dejeuner-jus-2-768x512.jpg 768w, https:\/\/www.hoteldes2continents.com\/wp-content\/uploads\/2020\/05\/hotel-3-etoiles-paris-6-petit-dejeuner-jus-2.jpg 1500w\" sizes=\"(max-width: 1020px) 100vw, 1020px\" \/>\t\t\t\t\t\t\n\t\t\t\t\t<\/div>\n\t\t\t\t\t\t\t\t\n<style>\n#image_1697244047 {\n  width: 100%;\n}\n<\/style>\n\t<\/div>\n\t\n\n\n\t\t<\/div>\n\t\t\t<\/div>\n\n\t\n\n<\/div>\n\n\t\t<\/div>\n\n\t\t\n<style>\n#section_1575852923 {\n  padding-top: 0px;\n  padding-bottom: 0px;\n  margin-bottom: 0px;\n  background-color: rgb(247, 247, 247);\n}\n#section_1575852923 .section-bg-overlay {\n  background-color: rgba(255, 255, 255, 0.85);\n}\n#section_1575852923 .section-bg.bg-loaded {\n  background-image: url(https:\/\/www.hoteldes2continents.com\/wp-content\/uploads\/2019\/09\/petit-dejeuner-hotel-des-deux-continents-home.jpg);\n}\n<\/style>\n\t<\/section>\n\t\n\t<section class=\"section\" id=\"section_1020665747\">\n\t\t<div class=\"bg section-bg fill bg-fill  \" >\n\n\t\t\t\n\t\t\t<div class=\"section-bg-overlay absolute fill\"><\/div>\n\t\t\t\n\n\t\t<\/div>\n\n\t\t<div class=\"section-content relative\">\n\t\t\t\n\n<div class=\"row row-collapse row-full-width align-middle\"  id=\"row-323092943\">\n\n\n\t<div id=\"col-1752940749\" class=\"col medium-12 small-12 large-6\"  >\n\t\t<div class=\"col-inner\"  >\n\t\t\t\n\t\t\t\n\n\t<div class=\"img has-hover x md-x lg-x y md-y lg-y\" id=\"image_391872157\">\n\t\t\t\t\t\t\t\t<div class=\"img-inner image-cover dark\" style=\"padding-top:63%;\">\n\t\t\t<img width=\"1000\" height=\"1500\" src=\"https:\/\/www.hoteldes2continents.com\/wp-content\/uploads\/2020\/05\/VUE-PROJET-47-3.jpg\" class=\"attachment-original size-original\" alt=\"estantes | Hotel en el centro de paris | Hotel des 2 continents\" decoding=\"async\" srcset=\"https:\/\/www.hoteldes2continents.com\/wp-content\/uploads\/2020\/05\/VUE-PROJET-47-3.jpg 1000w, https:\/\/www.hoteldes2continents.com\/wp-content\/uploads\/2020\/05\/VUE-PROJET-47-3-200x300.jpg 200w, https:\/\/www.hoteldes2continents.com\/wp-content\/uploads\/2020\/05\/VUE-PROJET-47-3-683x1024.jpg 683w, https:\/\/www.hoteldes2continents.com\/wp-content\/uploads\/2020\/05\/VUE-PROJET-47-3-768x1152.jpg 768w\" sizes=\"(max-width: 1000px) 100vw, 1000px\" \/>\t\t\t\t\t\t\n\t\t\t\t\t<\/div>\n\t\t\t\t\t\t\t\t\n<style>\n#image_391872157 {\n  width: 100%;\n}\n<\/style>\n\t<\/div>\n\t\n\n\n\t\t<\/div>\n\t\t\n<style>\n#col-1752940749 > .col-inner {\n  padding: 0px0 0px 0px 0px;\n  margin: 0 0px 0px 0px;\n}\n<\/style>\n\t<\/div>\n\n\t\n\n\t<div id=\"col-1008411072\" class=\"col medium-12 small-12 large-6 medium-col-first\"  >\n\t\t<div class=\"col-inner text-center\" style=\"max-width:650px;\" >\n\t\t\t\n\t\t\t\n\n\t<div id=\"text-1576512886\" class=\"text\">\n\t\t\n\n<h3 style=\"text-align: center;\">LOS SALONES DEL HOTEL<\/h3>\n<p style=\"color: #b89f80; text-align: left; font-weight: bold;\">El salon invita a los viajeros a disfrutar de un momento de relajaci\u00f3n y tranquilidad.<\/p>\n<p style=\"text-align:justify;\">El H\u00f4tel des Deux Continents ha sabido asociar las necesidades del siglo XX con la elegancia est\u00e9tica del Par\u00eds de anta\u00f1o. El m\u00e1rmol de la recepci\u00f3n se combina con las vigas de la sala de desayunos, y los espejos y dorados iluminan cada espacio.<\/p>\n<p style=\"text-align:justify;\">Tras un d\u00eda visitando la capital, nuestros hu\u00e9spedes podr\u00e1n instalarse en unsof\u00e1, escoger uno de los peri\u00f3dicos a su disposici\u00f3n y disfrutar de un momento de paz\u2026 Si desean consultar su correo o imprimir su billete de avi\u00f3n, podr\u00e1n utilizar el punto de acceso a Internet y la impresora. Adem\u00e1s, si les apetece saborear un delicioso caf\u00e9 o un t\u00e9 bien caliente en las \u00e9pocas de fr\u00edo, podr\u00e1n solicitarlos en recepci\u00f3n.<\/p>\n\t\t\n<style>\n#text-1576512886 {\n  text-align: right;\n}\n<\/style>\n\t<\/div>\n\t\n\n\t\t<\/div>\n\t\t\n<style>\n#col-1008411072 > .col-inner {\n  padding: 20px 50px 20px 50px;\n}\n<\/style>\n\t<\/div>\n\n\t\n\n<\/div>\n\n\t\t<\/div>\n\n\t\t\n<style>\n#section_1020665747 {\n  padding-top: 0px;\n  padding-bottom: 0px;\n  margin-bottom: 0px;\n  background-color: rgb(247, 247, 247);\n}\n#section_1020665747 .section-bg-overlay {\n  background-color: rgba(255, 255, 255, 0.85);\n}\n#section_1020665747 .section-bg.bg-loaded {\n  background-image: url(https:\/\/www.hoteldes2continents.com\/wp-content\/uploads\/2019\/09\/petit-dejeuner-hotel-des-deux-continents-home.jpg);\n}\n<\/style>\n\t<\/section>\n\t\n\t<section class=\"section\" id=\"section_33888790\">\n\t\t<div class=\"bg section-bg fill bg-fill  \" >\n\n\t\t\t\n\t\t\t<div class=\"section-bg-overlay absolute fill\"><\/div>\n\t\t\t\n\n\t\t<\/div>\n\n\t\t<div class=\"section-content relative\">\n\t\t\t\n\n<div class=\"row row-collapse row-full-width align-middle\"  id=\"row-1868544509\">\n\n\n\t<div id=\"col-1019441486\" class=\"col medium-12 small-12 large-6\"  >\n\t\t<div class=\"col-inner text-center\" style=\"max-width:650px;\" >\n\t\t\t\n\t\t\t\n\n\t<div id=\"text-4046545461\" class=\"text\">\n\t\t\n\n<h3 style=\"text-align: center;\">LOS SERVICIOS<\/h3>\n<p style=\"color: #b89f80; text-align: left; font-weight: bold;\">El acceso al Wifi es gratuito en todo el hotel. <\/p>\n<p style=\"text-align: justify;\">El H\u00f4tel des Deux Continents es un establecimiento totalmente no fumador.<\/p>\n<p>El hotel ofrece bebidas fr\u00edas y calientes. Puede solicitarlas en recepci\u00f3n.<br \/>\nTodas las ma\u00f1anas ponemos a su disposici\u00f3n en el sal\u00f3n de la recepci\u00f3n varios peri\u00f3dicos (Le Figaro y New York Times).<br \/>\nOfrecemos un servicio de lavander\u00eda de lunes a s\u00e1bado, con una devoluci\u00f3n el mismo d\u00eda si la ropa se deposita antes de las 10:00 en recepci\u00f3n.<br \/>\nTenemos una tabla de planchar y una plancha a su disposici\u00f3n, previa solicitud. Hable con recepci\u00f3n.<\/p>\n\t\t\n<style>\n#text-4046545461 {\n  text-align: left;\n}\n<\/style>\n\t<\/div>\n\t\n\n\t\t<\/div>\n\t\t\n<style>\n#col-1019441486 > .col-inner {\n  padding: 20px 50px 20px 50px;\n}\n<\/style>\n\t<\/div>\n\n\t\n\n\t<div id=\"col-2094102825\" class=\"col medium-12 small-12 large-6\"  >\n\t\t<div class=\"col-inner\"  >\n\t\t\t\n\t\t\t\n\n\t<div class=\"img has-hover x md-x lg-x y md-y lg-y\" id=\"image_1046255413\">\n\t\t\t\t\t\t\t\t<div class=\"img-inner dark\" >\n\t\t\t<img width=\"1020\" height=\"680\" src=\"https:\/\/www.hoteldes2continents.com\/wp-content\/uploads\/2020\/05\/hotel-3-etoiles-paris-6-espace-coworking-4-1024x683.jpg\" class=\"attachment-large size-large\" alt=\"servicios | hotel en paris | mujeres trabajando en un hotel\" decoding=\"async\" srcset=\"https:\/\/www.hoteldes2continents.com\/wp-content\/uploads\/2020\/05\/hotel-3-etoiles-paris-6-espace-coworking-4-1024x683.jpg 1024w, https:\/\/www.hoteldes2continents.com\/wp-content\/uploads\/2020\/05\/hotel-3-etoiles-paris-6-espace-coworking-4-300x200.jpg 300w, https:\/\/www.hoteldes2continents.com\/wp-content\/uploads\/2020\/05\/hotel-3-etoiles-paris-6-espace-coworking-4-768x512.jpg 768w, https:\/\/www.hoteldes2continents.com\/wp-content\/uploads\/2020\/05\/hotel-3-etoiles-paris-6-espace-coworking-4.jpg 1500w\" sizes=\"(max-width: 1020px) 100vw, 1020px\" \/>\t\t\t\t\t\t\n\t\t\t\t\t<\/div>\n\t\t\t\t\t\t\t\t\n<style>\n#image_1046255413 {\n  width: 100%;\n}\n<\/style>\n\t<\/div>\n\t\n\n\n\t\t<\/div>\n\t\t\n<style>\n#col-2094102825 > .col-inner {\n  padding: 0px0 0px 0px 0px;\n  margin: 0 0px 0px 0px;\n}\n<\/style>\n\t<\/div>\n\n\t\n\n<\/div>\n\n\t\t<\/div>\n\n\t\t\n<style>\n#section_33888790 {\n  padding-top: 0px;\n  padding-bottom: 0px;\n  margin-bottom: 0px;\n  background-color: rgb(247, 247, 247);\n}\n#section_33888790 .section-bg-overlay {\n  background-color: rgba(255, 255, 255, 0.85);\n}\n#section_33888790 .section-bg.bg-loaded {\n  background-image: url(https:\/\/www.hoteldes2continents.com\/wp-content\/uploads\/2019\/09\/petit-dejeuner-hotel-des-deux-continents-home.jpg);\n}\n<\/style>\n\t<\/section>\n\t\n\n","protected":false},"excerpt":{"rendered":"","protected":false},"author":1,"featured_media":0,"parent":0,"menu_order":0,"comment_status":"closed","ping_status":"closed","template":"page-transparent-header.php","meta":{"_editorskit_title_hidden":false,"_editorskit_reading_time":2,"_editorskit_is_block_options_detached":false,"_editorskit_block_options_position":"{}"},"_links":{"self":[{"href":"https:\/\/www.hoteldes2continents.com\/es\/wp-json\/wp\/v2\/pages\/8054"}],"collection":[{"href":"https:\/\/www.hoteldes2continents.com\/es\/wp-json\/wp\/v2\/pages"}],"about":[{"href":"https:\/\/www.hoteldes2continents.com\/es\/wp-json\/wp\/v2\/types\/page"}],"author":[{"embeddable":true,"href":"https:\/\/www.hoteldes2continents.com\/es\/wp-json\/wp\/v2\/users\/1"}],"replies":[{"embeddable":true,"href":"https:\/\/www.hoteldes2continents.com\/es\/wp-json\/wp\/v2\/comments?post=8054"}],"version-history":[{"count":17,"href":"https:\/\/www.hoteldes2continents.com\/es\/wp-json\/wp\/v2\/pages\/8054\/revisions"}],"predecessor-version":[{"id":17526,"href":"https:\/\/www.hoteldes2continents.com\/es\/wp-json\/wp\/v2\/pages\/8054\/revisions\/17526"}],"wp:attachment":[{"href":"https:\/\/www.hoteldes2continents.com\/es\/wp-json\/wp\/v2\/media?parent=8054"}],"curies":[{"name":"wp","href":"https:\/\/api.w.org\/{rel}","templated":true}]}}