{"id":13157,"date":"2026-03-14T09:23:25","date_gmt":"2026-03-14T08:23:25","guid":{"rendered":"https:\/\/www.hoteldes2continents.com\/?page_id=13157"},"modified":"2026-03-26T13:39:19","modified_gmt":"2026-03-26T12:39:19","slug":"room-directory-hotel-paris","status":"publish","type":"page","link":"https:\/\/www.hoteldes2continents.com\/en\/room-directory-hotel-paris\/","title":{"rendered":"ROOM DIRECTORY"},"content":{"rendered":"\n  <div id=\"page-header-605610842\" class=\"page-header-wrapper\">\n  <div class=\"page-title light normal-title\">\n\n    \n    <div class=\"page-title-inner container align-center text-center flex-row-col medium-flex-wrap\" >\n              <div class=\"title-wrapper flex-col\">\n          <h1 class=\"entry-title mb-0\">\n            ROOM DIRECTORY          <\/h1>\n        <\/div>\n                    <div class=\"title-content flex-col\">\n        <div class=\"title-breadcrumbs pb-half pt-half\"><\/div>      <\/div>\n    <\/div>\n\n       <\/div>\n    <\/div>\n  \n\n<div class=\"row\"  id=\"row-582273606\">\n\n\n\t<div id=\"col-934172149\" class=\"col small-12 large-12\"  >\n\t\t<div class=\"col-inner\"  >\n\t\t\t\n\t\t\t\n\n<h3 class=\"accordion_title\">We are pleased to welcome you to the Hotel des des Deux Continents.<\/h3><div class=\"accordion\" rel=\"\">\n\n<div class=\"accordion-item\"><a href=\"#\" class=\"accordion-title plain\"><button class=\"toggle\"><i class=\"icon-angle-down\"><\/i><\/button><span>HOTEL<\/span><\/a><div class=\"accordion-inner\">\n\n<ul>\n<li><span class=\"WdYUQQ text-decoration-none text-strikethrough-none\">Our receptionists are at your service <strong>24 hours a day<\/strong> for any request you may have during your stay (information, advice&#8230;). Dial 9 from your room.<\/span><\/li>\n<li><span class=\"WdYUQQ text-decoration-none text-strikethrough-none\">We inform you that the Hotel des 2 Continents is a <strong>non-smoking hotel<\/strong>.<\/span><\/li>\n<li><span class=\"WdYUQQ text-decoration-none text-strikethrough-none\">You can use <strong>free wifi<\/strong> everywhere in the hotel. Network name is <strong>Deux Continents<\/strong><\/span><\/li>\n<li><strong>Check-in<\/strong> is from 3pm and<strong> c<\/strong><span class=\"WdYUQQ text-decoration-none text-strikethrough-none\"><strong>heck-out is at noon<\/strong>. After that, an extra night will be charged.<\/span><\/li>\n<li><span class=\"WdYUQQ text-decoration-none text-strikethrough-none\">The hotel accepts the following cards: <strong>Visa, AMEX<\/strong> and <strong>MasterCard<\/strong>.<\/span><\/li>\n<li>W<span class=\"WdYUQQ text-decoration-none text-strikethrough-none\">e propose you a&nbsp;<strong>hot and cold drinks<\/strong>&nbsp;service every day in our lobby. Just ask reception.<\/span><\/li>\n<li>A <strong>laundry service<\/strong> is available. If you leave your cloth at r\u00e9ception desk before 10:00 am, you will have it back after 8:00 pm on the same day.<\/li>\n<li><span class=\"WdYUQQ text-decoration-none text-strikethrough-none\">We can organize a<strong> wake up call<\/strong> for you. Just contact reception desk.<\/span><\/li>\n<li>French (Figaro) and International&nbsp;<strong>Newspapers<\/strong>&nbsp;(New York Times) are available in the lobby.<\/li>\n<li>Even if we like them,<strong> pets<\/strong> are not allowed in the hotel.<\/li>\n<\/ul>\n\n<\/div><\/div>\n<div class=\"accordion-item\"><a href=\"#\" class=\"accordion-title plain\"><button class=\"toggle\"><i class=\"icon-angle-down\"><\/i><\/button><span>ROOMS<\/span><\/a><div class=\"accordion-inner\">\n\n<ul>\n<li><span class=\"WdYUQQ text-decoration-none text-strikethrough-none\"><span class=\"WdYUQQ text-decoration-none text-strikethrough-none\">All<strong> the rooms<span style=\"color: #282828;\">\u00a0<\/span><\/strong><\/span><\/span><span style=\"color: #282828;\">have free wifi, air conditioning, a phone, Smart TV with Chromecast, a courtesy tray with a kettle, a luggage rack and a safe.<\/span><\/li>\n<li><span style=\"color: #282828;\">Rooms are cleaned daily before 3:30 pm.<\/span><\/li>\n<li><span class=\"WdYUQQ text-decoration-none text-strikethrough-none\">We have a <strong>baby bed<\/strong> for children under two years old.<\/span><\/li>\n<li><span class=\"WdYUQQ text-decoration-none text-strikethrough-none\">For outside calls, dial 0 + the number. Free to France. Paying to foreign countries.<\/span><\/li>\n<li><strong>E<\/strong><span class=\"WdYUQQ text-decoration-none text-strikethrough-none\"><strong>xtra blankets, pillows towels and additional complimentary toiletries<\/strong> (dental, sewing kit, &#8230;) are available 24 hours a day at the reception desk.<\/span><\/li>\n<li><span class=\"WdYUQQ text-decoration-none text-strikethrough-none\">All electric outlets in your room are under (220 volt). <strong>Adaptors<\/strong> are available at reception on request (with deposit).<\/span><\/li>\n<li><strong>Safe<\/strong> :\n<ul>\n<li>To close it, dial 4 digits and Lock (#) ;<\/li>\n<li>To open it, dial the 4 digits.<\/li>\n<\/ul>\n<\/li>\n<li><strong>Air conditioning :\u00a0<\/strong>\n<ul>\n<li>The remote control is located on the wall ;<\/li>\n<li>You can adjust the temperature and fan speed.<\/li>\n<\/ul>\n<\/li>\n<li><strong>Television :\u00a0<\/strong>\n<ul>\n<li>The remote control is on your bedside table ;<\/li>\n<li>To change channels and adjust the volume, push the button up or down (do not press).<\/li>\n<\/ul>\n<\/li>\n<li>Prices and availability are available on this <em><strong><a href=\"https:\/\/www.secure-hotel-booking.com\/smart\/hotel-des-2-continents\/2TYR\/en\/#\/RoomSelection\" rel=\"nofollow noopener\" target=\"_blank\">link<\/a><\/strong><\/em>.<\/li>\n<\/ul>\n\n<\/div><\/div>\n<div class=\"accordion-item\"><a href=\"#\" class=\"accordion-title plain\"><button class=\"toggle\"><i class=\"icon-angle-down\"><\/i><\/button><span>SERVICES<\/span><\/a><div class=\"accordion-inner\">\n\n<ul>\n<li><span class=\"WdYUQQ text-decoration-none text-strikethrough-none\"><strong>Buffet breakfast<\/strong> is served in the breakfast room or in your room from 7;00 am to 11:00 am (17\u20ac per adult and 9\u20ac per child under 12 years old).<\/span><\/li>\n<li><strong>Express breakfast<\/strong> : you can have a coffee and a croissant to take away everyday from <span class=\"WdYUQQ text-decoration-none text-strikethrough-none\">7.00 am to 11.00 am. (7\u20ac)<\/span><\/li>\n<li>A <strong>coffee machine<\/strong> (from 12.00 pm) and a<strong> water dispenser<\/strong> are available at reception.\u00a0<\/li>\n<li><span class=\"WdYUQQ text-decoration-none text-strikethrough-none\">Because we love <strong>babies<\/strong>, we offer all the equipment you might need : baby bed and linen, changing mat, baby bottle warmer, high chair.<\/span><\/li>\n<li><span class=\"WdYUQQ text-decoration-none text-strikethrough-none\">We can keep your<strong> luggage<\/strong> the time you need. Please ask at the reception.<\/span><\/li>\n<li><span class=\"WdYUQQ text-decoration-none text-strikethrough-none\"><strong>Irons and boards<\/strong> are available at reception.<\/span><\/li>\n<li>A <strong>shoe shine machine<\/strong> is in free service in the basement near the elevator.<\/li>\n<li><span class=\"WdYUQQ text-decoration-none text-strikethrough-none\">To book a <strong>taxi<\/strong>, please contact the reception. It is recommended to allow 30 minutes for taxis to train stations and airports.<\/span><\/li>\n<\/ul>\n\n<\/div><\/div>\n<div class=\"accordion-item\"><a href=\"#\" class=\"accordion-title plain\"><button class=\"toggle\"><i class=\"icon-angle-down\"><\/i><\/button><span>BEVERAGE MENU<\/span><\/a><div class=\"accordion-inner\">\n\n<a rel=\"noopener noreferrer\" href=\"https:\/\/www.hoteldes2continents.com\/wp-content\/uploads\/2020\/05\/Carte-bar-H2C.pdf\" target=\"_blank\" class=\"button secondary is-outline\">\n    <span>BEVERAGE MENU<\/span>\n  <\/a>\n\n\n\n<\/div><\/div>\n<div class=\"accordion-item\"><a href=\"#\" class=\"accordion-title plain\"><button class=\"toggle\"><i class=\"icon-angle-down\"><\/i><\/button><span>ECOLOGY<\/span><\/a><div class=\"accordion-inner\">\n\n<p>The Hotel des 2 Continents&nbsp;is proud to have obtained the <strong>Green Key Label.<\/strong><\/p>\n<ul>\n<li class=\"_04xlpA direction-ltr align-justify para-style-body\"><span class=\"WdYUQQ text-decoration-none text-strikethrough-none\">We will <strong>change your towels<\/strong> when needed: please leave on the ground the ones to be changed.<\/span><\/li>\n<li class=\"_04xlpA direction-ltr align-justify para-style-body\"><span class=\"WdYUQQ text-decoration-none text-strikethrough-none\">We limit the<strong> linen change<\/strong> (every 3 days) in order to reduce the impact of harmful products for the environment. If you do not want your linen to be changed, just contact reception desk.<\/span><\/li>\n<li>Room is<strong> cleaned daily<\/strong>, however, if you do not want your room to be cleaned, just put the <em>Do not disturb<\/em> sign on your door.<\/li>\n<li class=\"_04xlpA direction-ltr align-justify para-style-body\"><span class=\"WdYUQQ text-decoration-none text-strikethrough-none\">Make sure <strong>taps are switched off<\/strong> when brushing teeth in order not to run water unnecessarily. A 5 minutes shower consumes 40 to 50 liters of water,<\/span><\/li>\n<li class=\"_04xlpA direction-ltr align-justify para-style-body\"><span class=\"WdYUQQ text-decoration-none text-strikethrough-none\">Be careful about what you throw into the toilets, wastebaskets are available in all bathrooms. Cigarette butts or sanitary towels for example distort the smooth running of water-treatment plants.<\/span><\/li>\n<li class=\"_04xlpA direction-ltr align-justify para-style-body\"><span class=\"WdYUQQ text-decoration-none text-strikethrough-none\">Please call the staff if there is any water leak or dysfunction.<\/span><\/li>\n<li class=\"_04xlpA direction-ltr align-justify para-style-body\"><span style=\"font-size: 100%;\"><span class=\"WdYUQQ text-decoration-none text-strikethrough-none\">Use <strong>heating and air conditioning<\/strong> sparingly: it\u2019s better for your health; <\/span><span class=\"WdYUQQ text-decoration-none text-strikethrough-none\" style=\"color: #555555;\">r<\/span><span class=\"WdYUQQ text-decoration-none text-strikethrough-none\" style=\"color: #555555;\">ecommended temperatures are :<\/span><\/span>\n<ul>\n<li>\n<p class=\"_04xlpA direction-ltr align-justify para-style-body\"><span class=\"WdYUQQ text-decoration-none text-strikethrough-none\" style=\"font-size: 100%;\">air conditioning : no less than<strong> 22\u00b0C<\/strong><\/span><\/p>\n<\/li>\n<li><span style=\"font-size: 100%;\">heating : no more than<strong><span class=\"WdYUQQ text-decoration-none text-strikethrough-none\"> 22\u00b0C&nbsp;<\/span><\/strong><\/span><\/li>\n<\/ul>\n<\/li>\n<li class=\"_04xlpA direction-ltr align-justify para-style-body\"><span class=\"WdYUQQ text-decoration-none text-strikethrough-none\">If you open the window, do not forget to turn off the heating or air conditioning<\/span><\/li>\n<li class=\"_04xlpA direction-ltr align-justify para-style-body\"><span class=\"WdYUQQ text-decoration-none text-strikethrough-none\">Please <strong>turn off lights<\/strong>&nbsp;and&nbsp;<strong>electrical devices<\/strong> when leaving your room.<\/span><\/li>\n<li class=\"_04xlpA direction-ltr align-justify para-style-body\"><span class=\"WdYUQQ text-decoration-none text-strikethrough-none\"><strong>Travel without polluting<\/strong>: let&#8217;s have a look at our <a href=\"https:\/\/www.hoteldes2continents.com\/en\/green-key-hotel\/\"><em>Ecotourism tab<\/em><\/a><\/span><\/li>\n<li class=\"_04xlpA direction-ltr align-justify para-style-body\"><span class=\"WdYUQQ text-decoration-none text-strikethrough-none\">Whenever possible and in compliance with the rules of hygiene, we limit as much as possible disposable products and overpacks. For example, we have removed all disposable plastic bottles.<\/span><\/li>\n<li class=\"_04xlpA direction-ltr align-justify para-style-body\"><strong>We sort the waste<\/strong>. You can help us by depositing:\n<ul>\n<li class=\"_04xlpA direction-ltr align-justify para-style-body\"><span class=\"WdYUQQ text-decoration-none text-strikethrough-none\">your empty packaging, bottles and newspapers in the green bin in your basket (details below);<\/span><\/li>\n<li>\n<p class=\"_04xlpA direction-ltr align-justify para-style-body\"><span class=\"WdYUQQ text-decoration-none text-strikethrough-none\">your non-recyclable waste in the black bin in your basket (details below);<\/span><\/p>\n<\/li>\n<li>\n<p class=\"_04xlpA direction-ltr align-justify para-style-body\"><span class=\"WdYUQQ text-decoration-none text-strikethrough-none\">your used batteries at the reception desk.<\/span><\/p>\n<\/li>\n<li>Leave glass aside (except broken glass), we will take care of recycling it.<\/li>\n<\/ul>\n<\/li>\n<\/ul>\n<p><img decoding=\"async\" class=\"wp-image-15217 alignleft\" src=\"https:\/\/www.hotelwelcomeparis.com\/wp-content\/uploads\/2020\/06\/Poubelle-noire.png\" sizes=\"(max-width: 208px) 100vw, 208px\" srcset=\"https:\/\/www.hotelwelcomeparis.com\/wp-content\/uploads\/2020\/06\/Poubelle-noire.png 1181w, https:\/\/www.hotelwelcomeparis.com\/wp-content\/uploads\/2020\/06\/Poubelle-noire-300x300.png 300w, https:\/\/www.hotelwelcomeparis.com\/wp-content\/uploads\/2020\/06\/Poubelle-noire-1024x1024.png 1024w, https:\/\/www.hotelwelcomeparis.com\/wp-content\/uploads\/2020\/06\/Poubelle-noire-150x150.png 150w, https:\/\/www.hotelwelcomeparis.com\/wp-content\/uploads\/2020\/06\/Poubelle-noire-768x768.png 768w\" alt=\"\" width=\"208\" height=\"208\"><\/p>\n<p><img decoding=\"async\" class=\"wp-image-15221 alignleft\" src=\"https:\/\/www.hotelwelcomeparis.com\/wp-content\/uploads\/2020\/06\/Poubelle-verte.png\" sizes=\"(max-width: 203px) 100vw, 203px\" srcset=\"https:\/\/www.hotelwelcomeparis.com\/wp-content\/uploads\/2020\/06\/Poubelle-verte.png 1181w, https:\/\/www.hotelwelcomeparis.com\/wp-content\/uploads\/2020\/06\/Poubelle-verte-300x300.png 300w, https:\/\/www.hotelwelcomeparis.com\/wp-content\/uploads\/2020\/06\/Poubelle-verte-1024x1024.png 1024w, https:\/\/www.hotelwelcomeparis.com\/wp-content\/uploads\/2020\/06\/Poubelle-verte-150x150.png 150w, https:\/\/www.hotelwelcomeparis.com\/wp-content\/uploads\/2020\/06\/Poubelle-verte-768x768.png 768w\" alt=\"\" width=\"203\" height=\"203\"><\/p>\n<p><strong>Black bin<\/strong> = non-recyclable plastic, food scraps, tissues, broken glass, all non-packaging items.<\/p>\n<p><strong>Green bin<\/strong> = recyclable plastic, metal, paper, cardboard.<\/p>\n\n<\/div><\/div>\n<div class=\"accordion-item\"><a href=\"#\" class=\"accordion-title plain\"><button class=\"toggle\"><i class=\"icon-angle-down\"><\/i><\/button><span>OUR FAVORITE PLACES<\/span><\/a><div class=\"accordion-inner\">\n\n<ul>\n<li><strong><span class=\"WdYUQQ text-decoration-none text-strikethrough-none\">RESTAURANTS :<\/span><\/strong>\n<ul>\n<li><a href=\"https:\/\/restaurantau35.fr\/fr\" rel=\"nofollow noopener\" target=\"_blank\"><em><strong>AU 35 <\/strong><\/em><\/a>(35 rue Jacob) : f<span class=\"WdYUQQ text-decoration-none text-strikethrough-none\">amily restaurant offering traditional French dishes (3 minutes walk)<\/span><\/li>\n<li><strong>LE PR\u00c9 AUX CLERCS<\/strong>&nbsp;(30 Rue Bonaparte): b<span class=\"WdYUQQ text-decoration-none text-strikethrough-none\">rewery offering traditional French dishes (1 minute walk) <\/span><\/li>\n<li><span class=\"WdYUQQ text-decoration-none text-strikethrough-none\"><em><strong><a href=\"http:\/\/www.lemonteverdi.com\/\" rel=\"nofollow noopener\" target=\"_blank\">LE MONTEVERDI<\/a><\/strong><\/em> (5 rue Guisarde):&nbsp;intimist Italian restaurant with pianist every day (10 minutes walk)<\/span><\/li>\n<\/ul>\n<\/li>\n<\/ul>\n<ul>\n<li>&nbsp;<strong><span class=\"WdYUQQ text-decoration-none text-strikethrough-none\">SHOPPING :<\/span><\/strong>\n<ul>\n<li>\n<p class=\"_04xlpA direction-ltr align-start para-style-body\"><span class=\"WdYUQQ text-decoration-none text-strikethrough-none\"><strong>LA SAMARITAINE<\/strong> (9 rue de la Monnaie):&nbsp;department store and architectural masterpiece (12 minutes walk)<\/span><\/p>\n<\/li>\n<li>\n<p class=\"_04xlpA direction-ltr align-start para-style-body\"><span class=\"WdYUQQ text-decoration-none text-strikethrough-none\"><strong>L&#8217;HABIT FRANCAIS<\/strong> (99 rue de Seine):&nbsp;concept store 100% made in France products (5 minutes walk)<\/span><\/p>\n<\/li>\n<\/ul>\n<\/li>\n<li class=\"_04xlpA direction-ltr align-start para-style-body\"><strong><span class=\"WdYUQQ text-decoration-none text-strikethrough-none\">MUSEUMS :<\/span><\/strong>\n<ul>\n<li class=\"_04xlpA direction-ltr align-start para-style-body\"><span class=\"WdYUQQ text-decoration-none text-strikethrough-none\"><strong>EUG\u00c8NE DELACROIX<\/strong> (6 rue de Furstemberg):&nbsp;museum with garden where Eug\u00e8ne Delacroix lived (5 minutes walk)<\/span><\/li>\n<li>\n<p class=\"_04xlpA direction-ltr align-start para-style-body\"><span class=\"WdYUQQ text-decoration-none text-strikethrough-none\"><strong>LOUVRE<\/strong> (Rue de Rivoli): good to know,&nbsp;events organized throughout the year (10 minutes walk)<\/span><\/p>\n<\/li>\n<\/ul>\n<\/li>\n<li class=\"_04xlpA direction-ltr align-start para-style-body\"><strong><span class=\"WdYUQQ text-decoration-none text-strikethrough-none\">OTHERS :<\/span><\/strong>\n<ul>\n<li>\n<p class=\"_04xlpA direction-ltr align-start para-style-body\"><span class=\"WdYUQQ text-decoration-none text-strikethrough-none\"><strong>LUXEMBOURG<\/strong>&nbsp;<strong>GARDEN<\/strong>: famous garden created at the request of Marie de Medici (10 minutes walk)<\/span><\/p>\n<\/li>\n<li>\n<p class=\"_04xlpA direction-ltr align-justify para-style-body\"><span class=\"WdYUQQ text-decoration-none text-strikethrough-none\"><strong>PANTHEON<\/strong> : classified Historical Monument with unique architecture (15 minutes walk)<\/span><\/p>\n<\/li>\n<li>\n<p class=\"_04xlpA direction-ltr align-start para-style-body\"><span class=\"WdYUQQ text-decoration-none text-strikethrough-none\"><strong>LA CATH\u00c9DRALE NOTRE-DAME<\/strong> (6 parvis Notre-Dame): closed to the public but outdoor tours available (15 minutes walk)<\/span><\/p>\n<\/li>\n<li>\n<p class=\"_04xlpA direction-ltr align-start para-style-body\"><span class=\"WdYUQQ text-decoration-none text-strikethrough-none\"><strong>CHAPELLE NOTRE-DAME-DE-LA-M\u00c9DAILLE-MIRACULEUSE<\/strong> (140 Rue du Bac): c<\/span><span class=\"WdYUQQ text-decoration-none text-strikethrough-none\">hapel with unique architecture (15 min walk)<\/span><\/p>\n<\/li>\n<\/ul>\n<\/li>\n<li style=\"list-style-type: none;\">&nbsp;<\/li>\n<\/ul>\n\n<\/div><\/div>\n\n<\/div>\n\t<div class=\"img has-hover x md-x lg-x y md-y lg-y\" id=\"image_1419607918\">\n\t\t\t\t\t\t\t\t<div class=\"img-inner image-cover dark\" style=\"padding-top:30%;\">\n\t\t\t<img width=\"1020\" height=\"680\" src=\"https:\/\/www.hoteldes2continents.com\/wp-content\/uploads\/2020\/05\/CHB6726-bd-2-1024x683.jpg\" class=\"attachment-large size-large\" alt=\"salon face \u00e0 la r\u00e9ception de l&#039;H\u00f4tel des 2 Continents, page livret d&#039;accueil\" decoding=\"async\" srcset=\"https:\/\/www.hoteldes2continents.com\/wp-content\/uploads\/2020\/05\/CHB6726-bd-2-1024x683.jpg 1024w, https:\/\/www.hoteldes2continents.com\/wp-content\/uploads\/2020\/05\/CHB6726-bd-2-300x200.jpg 300w, https:\/\/www.hoteldes2continents.com\/wp-content\/uploads\/2020\/05\/CHB6726-bd-2-768x512.jpg 768w, https:\/\/www.hoteldes2continents.com\/wp-content\/uploads\/2020\/05\/CHB6726-bd-2-1536x1024.jpg 1536w, https:\/\/www.hoteldes2continents.com\/wp-content\/uploads\/2020\/05\/CHB6726-bd-2-2048x1365.jpg 2048w\" sizes=\"(max-width: 1020px) 100vw, 1020px\" \/>\t\t\t\t\t\t\n\t\t\t\t\t<\/div>\n\t\t\t\t\t\t\t\t\n<style>\n#image_1419607918 {\n  width: 100%;\n}\n<\/style>\n\t<\/div>\n\t\n\n\n\t\t<\/div>\n\t\t\t<\/div>\n\n\t\n\n<\/div>\n\n","protected":false},"excerpt":{"rendered":"","protected":false},"author":1,"featured_media":0,"parent":0,"menu_order":0,"comment_status":"closed","ping_status":"closed","template":"","meta":{"_editorskit_title_hidden":false,"_editorskit_reading_time":3,"_editorskit_is_block_options_detached":false,"_editorskit_block_options_position":"{}"},"_links":{"self":[{"href":"https:\/\/www.hoteldes2continents.com\/en\/wp-json\/wp\/v2\/pages\/13157"}],"collection":[{"href":"https:\/\/www.hoteldes2continents.com\/en\/wp-json\/wp\/v2\/pages"}],"about":[{"href":"https:\/\/www.hoteldes2continents.com\/en\/wp-json\/wp\/v2\/types\/page"}],"author":[{"embeddable":true,"href":"https:\/\/www.hoteldes2continents.com\/en\/wp-json\/wp\/v2\/users\/1"}],"replies":[{"embeddable":true,"href":"https:\/\/www.hoteldes2continents.com\/en\/wp-json\/wp\/v2\/comments?post=13157"}],"version-history":[{"count":27,"href":"https:\/\/www.hoteldes2continents.com\/en\/wp-json\/wp\/v2\/pages\/13157\/revisions"}],"predecessor-version":[{"id":16898,"href":"https:\/\/www.hoteldes2continents.com\/en\/wp-json\/wp\/v2\/pages\/13157\/revisions\/16898"}],"wp:attachment":[{"href":"https:\/\/www.hoteldes2continents.com\/en\/wp-json\/wp\/v2\/media?parent=13157"}],"curies":[{"name":"wp","href":"https:\/\/api.w.org\/{rel}","templated":true}]}}